{"id":133,"date":"2025-09-25T16:57:46","date_gmt":"2025-09-25T13:57:46","guid":{"rendered":"https:\/\/www.est-restaurant.de\/?page_id=133"},"modified":"2025-11-17T12:33:25","modified_gmt":"2025-11-17T09:33:25","slug":"impressum","status":"publish","type":"page","link":"https:\/\/www.est-restaurant.de\/de\/impressum\/","title":{"rendered":"Impressum"},"content":{"rendered":"<p>Tonin Gastro GmbH<\/p>\r\n\r\n\r\n\r\n<p>Meinekestra\u00dfe<\/p>\r\n\r\n\r\n\r\n<p>10719 Berlin, Deutschland<\/p>\r\n\r\n\r\n\r\n\r\n\r\n<p>Commercial Register: Amtsgericht Charlottenburg<\/p>\r\n\r\n\r\n\r\n<p>HRB 277780<\/p>\r\n<p>Represented by: Nguyen Minh Tuan Tu<\/p>\r\n\r\n\r\n\r\n<p>Kontakt:<\/p>\r\n\r\n\r\n\r\n<p>Telefon: +49 30 84511778<\/p>\r\n\r\n\r\n\r\n<p>E-Mail: info@est-restaurant.de<\/p>\r\n\r\n\r\n\r\n<p>&nbsp;<\/p>\r\n\r\n\r\n\r\n<p>Umsatzsteuer-Identifikationsnummer gem\u00e4\u00df \u00a727a UStG: DE 456325797<\/p>\r\n\r\n\r\n\r\n<p>Zust\u00e4ndige Aufsichtsbeh\u00f6rde (Gastst\u00e4ttenerlaubnis):<\/p>\r\n\r\n\r\n\r\n<p>Bezirksamt Charlottenburg-Wilmersdorf von Berlin \u2013 Ordnungsamt<\/p>\r\n\r\n\r\n\r\n<p>Hohenzollerndamm 174\u2013177<\/p>\r\n\r\n\r\n\r\n<p>Berlin, Germany<\/p>\r\n\r\n\r\n\r\n<p>&nbsp;<\/p>\r\n\r\n\r\n\r\n<p>Verbraucherstreitbeilegung (\u00a736 VSBG):<\/p>\r\n\r\n\r\n\r\n<p>Wir sind weder bereit noch verpflichtet, an Streitbeilegungsverfahren vor einer Verbraucherschlichtungsstelle teilzunehmen.<\/p>\r\n\r\n\r\n\r\n<p>EU-OS-Plattform: https:\/\/ec.europa.eu\/consumers\/odr\/<\/p>\r\n\r\n\r\n\r\n<p>&nbsp;<\/p>\r\n\r\n\r\n\r\n<p>&nbsp;<\/p>\r\n\r\n\r\n\r\n<p>&nbsp;<\/p>","protected":false},"excerpt":{"rendered":"<p>Tonin Gastro GmbH Meinekestra\u00dfe 2010719 Berlin, Germany Commercial Register: Amtsgericht Charlottenburg HRB 277780 Represented by: Nguyen Minh Tuan Tu Contact: Phone: +49 30 84511778 Email: info@est-restaurant.de &nbsp; VAT ID according to \u00a727a German Value Added Tax Act: DE 456325797 Competent supervisory authority (licensed hospitality): Bezirksamt Charlottenburg-Wilmersdorf von Berlin \u2013 Ordnungsamt Hohenzollerndamm 174\u2013177 Berlin, Germany &nbsp; [&hellip;]<\/p>","protected":false},"author":2,"featured_media":0,"parent":0,"menu_order":0,"comment_status":"closed","ping_status":"closed","template":"","meta":{"_acf_changed":false,"footnotes":""},"class_list":["post-133","page","type-page","status-publish","hentry"],"acf":[],"_links":{"self":[{"href":"https:\/\/www.est-restaurant.de\/de\/wp-json\/wp\/v2\/pages\/133","targetHints":{"allow":["GET"]}}],"collection":[{"href":"https:\/\/www.est-restaurant.de\/de\/wp-json\/wp\/v2\/pages"}],"about":[{"href":"https:\/\/www.est-restaurant.de\/de\/wp-json\/wp\/v2\/types\/page"}],"author":[{"embeddable":true,"href":"https:\/\/www.est-restaurant.de\/de\/wp-json\/wp\/v2\/users\/2"}],"replies":[{"embeddable":true,"href":"https:\/\/www.est-restaurant.de\/de\/wp-json\/wp\/v2\/comments?post=133"}],"version-history":[{"count":8,"href":"https:\/\/www.est-restaurant.de\/de\/wp-json\/wp\/v2\/pages\/133\/revisions"}],"predecessor-version":[{"id":188,"href":"https:\/\/www.est-restaurant.de\/de\/wp-json\/wp\/v2\/pages\/133\/revisions\/188"}],"wp:attachment":[{"href":"https:\/\/www.est-restaurant.de\/de\/wp-json\/wp\/v2\/media?parent=133"}],"curies":[{"name":"wp","href":"https:\/\/api.w.org\/{rel}","templated":true}]}}